{"id":5604,"date":"2024-11-29T11:33:09","date_gmt":"2024-11-29T11:33:09","guid":{"rendered":"https:\/\/serveisvetcerdanya.es\/sobre-nosaltres\/"},"modified":"2024-12-23T10:38:00","modified_gmt":"2024-12-23T10:38:00","slug":"sobre-nosaltres","status":"publish","type":"page","link":"https:\/\/serveisvetcerdanya.es\/es\/sobre-nosaltres\/","title":{"rendered":"Sobre nosotros"},"content":{"rendered":"<div class=\"wpb-content-wrapper\">[vc_section css=\u00bb.vc_custom_1733139849984{padding-top: 80px !important;padding-bottom: 80px !important;}\u00bb][vc_row css_animation=\u00bbfadeInLeft\u00bb content_placement=\u00bbmiddle\u00bb column_spacing=\u00bb60&#8243; remove_bottom_col_margin=\u00bbtrue\u00bb][vc_column width=\u00bb1\/2&#8243;]<style>.vcex-heading.vcex_69d1748532d2a{color:var(--wpex-accent);font-size:32px;}<\/style><h2 class=\"vcex-heading vcex-heading-plain vcex-module wpex-heading wpex-text-2xl wpex-mb-5 vcex_69d1748532d2a\"><span class=\"vcex-heading-inner wpex-inline-block\">Tu veterinario de confianza en la Cerdanya<\/span><\/h2><div class=\"vcex-module vcex-divider vcex-divider-solid vcex-divider-left wpex-mr-auto wpex-max-w-100 wpex-block wpex-h-0 wpex-border-b wpex-border-solid wpex-border-main\" style=\"width:90px;margin-block:20px;border-bottom-width:2px;border-color:var(--wpex-accent);\"><\/div>[vc_column_text css=\u00bb\u00bb el_class=\u00bbjustificar\u00bb font_size=\u00bb16px\u00bb]La Cl\u00ednica Veterinaria <strong>Servicios Veterinarios de la Cerdanya<\/strong> es un centro veterinario de larga trayectoria, con <strong>m\u00e1s de 30 a\u00f1os de experiencia<\/strong>, situado en Puigcerd\u00e0. Siendo un punto de referencia para la atenci\u00f3n veterinaria en la zona. Esta cl\u00ednica es reconocida por su dedicaci\u00f3n a la atenci\u00f3n de la salud y bienestar de animales de compa\u00f1\u00eda, \u00e9quidos y animales de granja.<\/p>\n<p>\u00a1En <strong>Serveis Veterinaris de la Cerdanya<\/strong> la pasi\u00f3n por los animales y el compromiso con su bienestar son nuestra raz\u00f3n de ser![\/vc_column_text]<style>.vcex-button.vcex_69d1748535322:hover{background:var(--wpex-accent)!important;color:var(--wpex-on-accent-alt)!important;}.vcex-button.vcex_69d1748535322{color:var(--wpex-accent)!important;margin-block-start:30px;border:1px solid #56c69b;font-size:16px;}<\/style><a href=\"#equipo\" class=\"vcex-button theme-button minimal-border inline local-scroll-link vcex_69d1748535322\" title=\"Equipo\"><span class=\"vcex-button-inner theme-button-inner wpex-flex wpex-flex-wrap wpex-items-center wpex-justify-center\"><span class=\"vcex-button-icon vcex-icon-wrap theme-button-icon-left\"><span aria-hidden=\"true\" class=\"fas fa-users\"><\/span><\/span>Descubre nuestro quip<\/span><\/a> <div class=\"vcex-spacing wpex-w-100 wpex-clear\"><\/div>[\/vc_column][vc_column parallax=\u00bbcontent-moving\u00bb parallax_image=\u00bb5246&#8243; width=\u00bb1\/2&#8243; min_height=\u00bb500px\u00bb][\/vc_column][\/vc_row][\/vc_section][vc_section css_animation=\u00bbfadeInUp\u00bb full_width=\u00bbstretch_row\u00bb css=\u00bb.vc_custom_1733139859584{padding-top: 80px !important;padding-bottom: 80px !important;background-color: rgba(86,198,155,0.09) !important;*background-color: rgb(86,198,155) !important;}\u00bb local_scroll_id=\u00bbabout-home\u00bb][vc_row css_animation=\u00bbfadeInRight\u00bb content_placement=\u00bbmiddle\u00bb column_spacing=\u00bb60&#8243; equal_height=\u00bbyes\u00bb columns_right=\u00bbyes\u00bb][vc_column width=\u00bb1\/2&#8243;][vc_column_text css=\u00bb\u00bb el_class=\u00bbjustificar\u00bb font_size=\u00bb16px\u00bb]En <strong>Serveis Veterinaris de la Cerdanya<\/strong>, trabajamos veterinarios altamente cualificados y auxiliares comprometidos con la salud y el bienestar de los animales.<\/p>\n<p>Somos un equipo profesional en constante formaci\u00f3n, lo que nos permite estar informados de los \u00faltimos avances en medicina veterinaria y proporcionar un servicio de calidad.<\/p>\n<p>Disponemos de unas <strong>instalaciones equipadas con la \u00faltima tecnolog\u00eda para garantizar la atenci\u00f3n m\u00e1s acertada<\/strong>. Desde nuestro quir\u00f3fano completamente equipado hasta nuestro laboratorio de an\u00e1lisis cl\u00ednicos, cada detalle est\u00e1 dise\u00f1ado para ofrecerle la mejor calidad de atenci\u00f3n posible.<\/p>\n<p>Estamos preparados para realizar cirug\u00eda general y urgencias, as\u00ed como otros procedimientos para tratar emergencias.<\/p>\n<p>No s\u00f3lo nos importan tus mascotas, sino tambi\u00e9n aquellos que buscan un hogar. Colaboramos con asociaciones ben\u00e9ficas locales como Asociaci\u00f3n Sos Animals Cerdanya (ASAC) y Progat Cerdanya para contribuir a la causa y marcar una diferencia en la vida de los animales necesitados.[\/vc_column_text][\/vc_column][vc_column parallax=\u00bbcontent-moving\u00bb parallax_image=\u00bb5108&#8243; width=\u00bb1\/2&#8243; min_height=\u00bb400px\u00bb][\/vc_column][\/vc_row][\/vc_section][vc_section css_animation=\u00bbfadeInRight\u00bb full_width=\u00bbstretch_row\u00bb css=\u00bb.vc_custom_1733144616792{padding-top: 80px !important;padding-bottom: 80px !important;}\u00bb local_scroll_id=\u00bbequip\u00bb el_id=\u00bbequip\u00bb][vc_row css_animation=\u00bbfadeInRight\u00bb column_spacing=\u00bb0px\u00bb gap=\u00bb15&#8243;][vc_column]<style>.vcex-heading.vcex_69d1748536176{color:var(--wpex-accent);font-size:32px;}<\/style><h2 class=\"vcex-heading vcex-heading-plain vcex-module wpex-heading wpex-text-2xl wpex-mt-0 wpex-mb-30 wpex-text-center vcex_69d1748536176\"><span class=\"vcex-heading-inner wpex-inline-block\">\u00bfQui\u00e9nes somos?<\/span><\/h2><div class=\"vcex-module vcex-staff-grid-wrap wpex-clr\"><div class=\"wpex-row vcex-staff-grid entries wpex-clr\"><div class=\"staff-entry vcex-grid-item span_1_of_3 wpex-text-center col col-1 post-5700 entry type-staff has-media\"><div class=\"staff-entry-inner entry-inner wpex-first-mt-0 wpex-last-mb-0 wpex-clr\"><div class=\"staff-entry-media entry-media wpex-relative wpex-mb-20\"><img width=\"900\" height=\"1100\" src=\"https:\/\/serveisvetcerdanya.es\/wp-content\/uploads\/2013\/11\/equip-mireia.jpg\" class=\"staff-entry-media-img staff-entry-img wpex-align-middle wpex-align-middle\" alt=\"\" loading=\"lazy\" decoding=\"async\" srcset=\"https:\/\/serveisvetcerdanya.es\/wp-content\/uploads\/2013\/11\/equip-mireia.jpg 900w, https:\/\/serveisvetcerdanya.es\/wp-content\/uploads\/2013\/11\/equip-mireia-245x300.jpg 245w, https:\/\/serveisvetcerdanya.es\/wp-content\/uploads\/2013\/11\/equip-mireia-838x1024.jpg 838w, https:\/\/serveisvetcerdanya.es\/wp-content\/uploads\/2013\/11\/equip-mireia-768x939.jpg 768w, https:\/\/serveisvetcerdanya.es\/wp-content\/uploads\/2013\/11\/equip-mireia-600x733.jpg 600w\" sizes=\"auto, (max-width: 900px) 100vw, 900px\" \/><\/div><div class=\"staff-entry-details entry-details wpex-first-mt-0 wpex-last-mb-0 wpex-clr\"><h2 class=\"staff-entry-title entry-title wpex-mb-5\" style=\"font-size:19px;\">Mireia Casamitjana<\/h2><div class=\"staff-entry-position entry-position wpex-text-sm wpex-text-3 wpex-leading-snug wpex-mb-5\" style=\"font-size:16px;\">Veterinaria<\/div><\/div><\/div><\/div><div class=\"staff-entry vcex-grid-item span_1_of_3 wpex-text-center col col-2 post-5702 entry type-staff has-media\"><div class=\"staff-entry-inner entry-inner wpex-first-mt-0 wpex-last-mb-0 wpex-clr\"><div class=\"staff-entry-media entry-media wpex-relative wpex-mb-20\"><img width=\"900\" height=\"1100\" src=\"https:\/\/serveisvetcerdanya.es\/wp-content\/uploads\/2024\/12\/equip-anna.jpg\" class=\"staff-entry-media-img staff-entry-img wpex-align-middle wpex-align-middle\" alt=\"\" loading=\"lazy\" decoding=\"async\" srcset=\"https:\/\/serveisvetcerdanya.es\/wp-content\/uploads\/2024\/12\/equip-anna.jpg 900w, https:\/\/serveisvetcerdanya.es\/wp-content\/uploads\/2024\/12\/equip-anna-245x300.jpg 245w, https:\/\/serveisvetcerdanya.es\/wp-content\/uploads\/2024\/12\/equip-anna-838x1024.jpg 838w, https:\/\/serveisvetcerdanya.es\/wp-content\/uploads\/2024\/12\/equip-anna-768x939.jpg 768w, https:\/\/serveisvetcerdanya.es\/wp-content\/uploads\/2024\/12\/equip-anna-600x733.jpg 600w\" sizes=\"auto, (max-width: 900px) 100vw, 900px\" \/><\/div><div class=\"staff-entry-details entry-details wpex-first-mt-0 wpex-last-mb-0 wpex-clr\"><h2 class=\"staff-entry-title entry-title wpex-mb-5\" style=\"font-size:19px;\">Anna Roura<\/h2><div class=\"staff-entry-position entry-position wpex-text-sm wpex-text-3 wpex-leading-snug wpex-mb-5\" style=\"font-size:16px;\">Veterinaria<\/div><\/div><\/div><\/div><div class=\"staff-entry vcex-grid-item span_1_of_3 wpex-text-center col col-3 post-5704 entry type-staff has-media\"><div class=\"staff-entry-inner entry-inner wpex-first-mt-0 wpex-last-mb-0 wpex-clr\"><div class=\"staff-entry-media entry-media wpex-relative wpex-mb-20\"><img width=\"900\" height=\"1100\" src=\"https:\/\/serveisvetcerdanya.es\/wp-content\/uploads\/2024\/11\/equip-anna-escalada-1.jpg\" class=\"staff-entry-media-img staff-entry-img wpex-align-middle wpex-align-middle\" alt=\"\" loading=\"lazy\" decoding=\"async\" srcset=\"https:\/\/serveisvetcerdanya.es\/wp-content\/uploads\/2024\/11\/equip-anna-escalada-1.jpg 900w, https:\/\/serveisvetcerdanya.es\/wp-content\/uploads\/2024\/11\/equip-anna-escalada-1-245x300.jpg 245w, https:\/\/serveisvetcerdanya.es\/wp-content\/uploads\/2024\/11\/equip-anna-escalada-1-838x1024.jpg 838w, https:\/\/serveisvetcerdanya.es\/wp-content\/uploads\/2024\/11\/equip-anna-escalada-1-768x939.jpg 768w, https:\/\/serveisvetcerdanya.es\/wp-content\/uploads\/2024\/11\/equip-anna-escalada-1-600x733.jpg 600w\" sizes=\"auto, (max-width: 900px) 100vw, 900px\" \/><\/div><div class=\"staff-entry-details entry-details wpex-first-mt-0 wpex-last-mb-0 wpex-clr\"><h2 class=\"staff-entry-title entry-title wpex-mb-5\" style=\"font-size:19px;\">Anna Escalada<\/h2><div class=\"staff-entry-position entry-position wpex-text-sm wpex-text-3 wpex-leading-snug wpex-mb-5\" style=\"font-size:16px;\">Veterinaria<\/div><\/div><\/div><\/div><div class=\"staff-entry vcex-grid-item span_1_of_3 wpex-text-center col col-1 post-5706 entry type-staff has-media\"><div class=\"staff-entry-inner entry-inner wpex-first-mt-0 wpex-last-mb-0 wpex-clr\"><div class=\"staff-entry-media entry-media wpex-relative wpex-mb-20\"><img width=\"900\" height=\"1100\" src=\"https:\/\/serveisvetcerdanya.es\/wp-content\/uploads\/2024\/12\/equip-monica.jpg\" class=\"staff-entry-media-img staff-entry-img wpex-align-middle wpex-align-middle\" alt=\"\" loading=\"lazy\" decoding=\"async\" srcset=\"https:\/\/serveisvetcerdanya.es\/wp-content\/uploads\/2024\/12\/equip-monica.jpg 900w, https:\/\/serveisvetcerdanya.es\/wp-content\/uploads\/2024\/12\/equip-monica-245x300.jpg 245w, https:\/\/serveisvetcerdanya.es\/wp-content\/uploads\/2024\/12\/equip-monica-838x1024.jpg 838w, https:\/\/serveisvetcerdanya.es\/wp-content\/uploads\/2024\/12\/equip-monica-768x939.jpg 768w, https:\/\/serveisvetcerdanya.es\/wp-content\/uploads\/2024\/12\/equip-monica-600x733.jpg 600w\" sizes=\"auto, (max-width: 900px) 100vw, 900px\" \/><\/div><div class=\"staff-entry-details entry-details wpex-first-mt-0 wpex-last-mb-0 wpex-clr\"><h2 class=\"staff-entry-title entry-title wpex-mb-5\" style=\"font-size:19px;\">M\u00f3nica Troncoso<\/h2><div class=\"staff-entry-position entry-position wpex-text-sm wpex-text-3 wpex-leading-snug wpex-mb-5\" style=\"font-size:16px;\">Secretaria<\/div><\/div><\/div><\/div><div class=\"staff-entry vcex-grid-item span_1_of_3 wpex-text-center col col-2 post-5708 entry type-staff has-media\"><div class=\"staff-entry-inner entry-inner wpex-first-mt-0 wpex-last-mb-0 wpex-clr\"><div class=\"staff-entry-media entry-media wpex-relative wpex-mb-20\"><img width=\"900\" height=\"1100\" src=\"https:\/\/serveisvetcerdanya.es\/wp-content\/uploads\/2024\/12\/equip-noelia.jpg\" class=\"staff-entry-media-img staff-entry-img wpex-align-middle wpex-align-middle\" alt=\"\" loading=\"lazy\" decoding=\"async\" srcset=\"https:\/\/serveisvetcerdanya.es\/wp-content\/uploads\/2024\/12\/equip-noelia.jpg 900w, https:\/\/serveisvetcerdanya.es\/wp-content\/uploads\/2024\/12\/equip-noelia-245x300.jpg 245w, https:\/\/serveisvetcerdanya.es\/wp-content\/uploads\/2024\/12\/equip-noelia-838x1024.jpg 838w, https:\/\/serveisvetcerdanya.es\/wp-content\/uploads\/2024\/12\/equip-noelia-768x939.jpg 768w, https:\/\/serveisvetcerdanya.es\/wp-content\/uploads\/2024\/12\/equip-noelia-600x733.jpg 600w\" sizes=\"auto, (max-width: 900px) 100vw, 900px\" \/><\/div><div class=\"staff-entry-details entry-details wpex-first-mt-0 wpex-last-mb-0 wpex-clr\"><h2 class=\"staff-entry-title entry-title wpex-mb-5\" style=\"font-size:19px;\">Noelia P\u00e9rez<\/h2><div class=\"staff-entry-position entry-position wpex-text-sm wpex-text-3 wpex-leading-snug wpex-mb-5\" style=\"font-size:16px;\">Auxiliar<\/div><\/div><\/div><\/div><\/div><\/div>[\/vc_column][\/vc_row][\/vc_section][vc_row remove_bottom_col_margin=\u00bbtrue\u00bb][vc_column]<div class=\"templatera_shortcode\"><style type=\"text\/css\" data-type=\"vc_shortcodes-custom-css\">.vc_custom_1732617843960{padding-top: 50px !important;padding-bottom: 50px !important;background-color: #f5f5f5 !important;}.vc_custom_1735023933546{padding-bottom: 15px !important;}<\/style><div class=\"vc_row wpb_row vc_row-fluid vc_custom_1732617843960 wpex-vc-full-width-row wpex-vc-full-width-row--centered wpex-has-overlay wpex-relative wpex-has-video-bg wpex-vc_row-has-fill no-bottom-margins wpex-vc-reset-negative-margin\"><div class=\"wpex-video-bg-wrap wpex-absolute wpex-inset-0 wpex-overflow-hidden wpex-rounded-inherit\"><video class=\"wpex-video-bg wpex-video-bg-center wpex-absolute wpex-top-50 wpex-left-50 -wpex-translate-xy-50 wpex-w-auto wpex-h-auto wpex-min-w-100 wpex-min-h-100 wpex-max-w-none\" preload=\"auto\" autoplay=\"true\" aria-hidden=\"true\" playsinline loop=\"loop\" muted volume=\"0\"><source src=\"https:\/\/serveisvetcerdanya.es\/wp-content\/uploads\/2024\/11\/3191251-uhd_4096_2160_25fps.mp4\" type=\"video\/mp4\"><\/video><\/div><div class=\"wpex-bg-overlay-wrap wpex-absolute wpex-inset-0 wpex-rounded-inherit\"><span class=\"wpex-bg-overlay color wpex-absolute wpex-inset-0 wpex-rounded-inherit wpex-opacity-60 wpex-bg-black\" style=\"background-color:var(--wpex-accent);opacity:0.85;\"><\/span><\/div><div class=\"wpb_column vc_column_container vc_col-sm-12\"><div class=\"vc_column-inner\"><div class=\"wpb_wrapper\"><style>.vcex-heading.vcex_69d17485424e9{font-size:32px;font-weight:400;}<\/style><div class=\"vcex-heading vcex-heading-plain vcex-module wpex-heading wpex-text-2xl wpex-text-center vc_custom_1735023933546 vcex_69d17485424e9\"><span class=\"vcex-heading-inner wpex-inline-block\">Siempre estamos disponibles para vosotros<\/span><\/div>\n\t<div style=\"color:var(--wpex-on-accent-alt);font-size:18px;font-weight:300;text-align:center;width:700px;\" class=\"wpb_text_column has-custom-color wpex-child-inherit-color wpex-max-w-100 wpex-mx-auto wpb_content_element\" >\n\t\t<div class=\"wpb_wrapper\">\n\t\t\t<p>En nuestro horario de apertura trabajamos con cita previa, pero disponemos de una excelente atenci\u00f3n de urgencias. <strong>\u00a1Estamos localizables las 24 horas!<\/strong><\/p>\n\n\t\t<\/div>\n\t<\/div>\n<div class=\"vcex-spacing wpex-w-100 wpex-clear\"><\/div><style>.vcex-button.vcex_69d1748543cfe{background:#ffffff;color:var(--wpex-accent)!important;font-size:17px;font-weight:600;text-transform:uppercase;}<\/style><div class=\"theme-button-wrap textcenter wpex-clr\"><a href=\"\/es\/contacte\/\" class=\"vcex-button theme-button align-center inline vcex_69d1748543cfe\"><span class=\"vcex-button-inner theme-button-inner wpex-flex wpex-flex-wrap wpex-items-center wpex-justify-center\">Contactar ahora<span class=\"vcex-button-icon vcex-icon-wrap theme-button-icon-right\"><span aria-hidden=\"true\" class=\"far fa-envelope-open\"><\/span><\/span><\/span><\/a><\/div> <\/div><\/div><\/div><\/div><\/div>[\/vc_column][\/vc_row]\n<\/div>","protected":false},"excerpt":{"rendered":"","protected":false},"author":1,"featured_media":0,"parent":0,"menu_order":0,"comment_status":"closed","ping_status":"closed","template":"","meta":{"footnotes":""},"class_list":["post-5604","page","type-page","status-publish","hentry","entry","has-media"],"yoast_head":"<!-- This site is optimized with the Yoast SEO plugin v24.0 - https:\/\/yoast.com\/wordpress\/plugins\/seo\/ -->\n<title>Sobre nosotros - Serveis Veterinaris de la Cerdanya<\/title>\n<meta name=\"robots\" content=\"index, follow, max-snippet:-1, max-image-preview:large, max-video-preview:-1\" \/>\n<link rel=\"canonical\" href=\"https:\/\/serveisvetcerdanya.es\/es\/sobre-nosaltres\/\" \/>\n<meta property=\"og:locale\" content=\"es_ES\" \/>\n<meta property=\"og:type\" content=\"article\" \/>\n<meta property=\"og:title\" content=\"Sobre nosotros - Serveis Veterinaris de la Cerdanya\" \/>\n<meta property=\"og:url\" content=\"https:\/\/serveisvetcerdanya.es\/es\/sobre-nosaltres\/\" \/>\n<meta property=\"og:site_name\" content=\"Serveis Veterinaris de la Cerdanya\" \/>\n<meta property=\"article:modified_time\" content=\"2024-12-23T10:38:00+00:00\" \/>\n<meta name=\"twitter:card\" content=\"summary_large_image\" \/>\n<meta name=\"twitter:label1\" content=\"Tiempo de lectura\" \/>\n\t<meta name=\"twitter:data1\" content=\"2 minutos\" \/>\n<script type=\"application\/ld+json\" class=\"yoast-schema-graph\">{\"@context\":\"https:\/\/schema.org\",\"@graph\":[{\"@type\":\"WebPage\",\"@id\":\"https:\/\/serveisvetcerdanya.es\/es\/sobre-nosaltres\/\",\"url\":\"https:\/\/serveisvetcerdanya.es\/es\/sobre-nosaltres\/\",\"name\":\"Sobre nosotros - Serveis Veterinaris de la Cerdanya\",\"isPartOf\":{\"@id\":\"https:\/\/serveisvetcerdanya.es\/#website\"},\"datePublished\":\"2024-11-29T11:33:09+00:00\",\"dateModified\":\"2024-12-23T10:38:00+00:00\",\"breadcrumb\":{\"@id\":\"https:\/\/serveisvetcerdanya.es\/es\/sobre-nosaltres\/#breadcrumb\"},\"inLanguage\":\"es\",\"potentialAction\":[{\"@type\":\"ReadAction\",\"target\":[\"https:\/\/serveisvetcerdanya.es\/es\/sobre-nosaltres\/\"]}]},{\"@type\":\"BreadcrumbList\",\"@id\":\"https:\/\/serveisvetcerdanya.es\/es\/sobre-nosaltres\/#breadcrumb\",\"itemListElement\":[{\"@type\":\"ListItem\",\"position\":1,\"name\":\"Home\",\"item\":\"https:\/\/serveisvetcerdanya.es\/es\/\"},{\"@type\":\"ListItem\",\"position\":2,\"name\":\"Sobre nosotros\"}]},{\"@type\":\"WebSite\",\"@id\":\"https:\/\/serveisvetcerdanya.es\/#website\",\"url\":\"https:\/\/serveisvetcerdanya.es\/\",\"name\":\"Serveis Veterinaris de la Cerdanya\",\"description\":\"Cl\u00ednica veterinaria\",\"publisher\":{\"@id\":\"https:\/\/serveisvetcerdanya.es\/#organization\"},\"potentialAction\":[{\"@type\":\"SearchAction\",\"target\":{\"@type\":\"EntryPoint\",\"urlTemplate\":\"https:\/\/serveisvetcerdanya.es\/?s={search_term_string}\"},\"query-input\":{\"@type\":\"PropertyValueSpecification\",\"valueRequired\":true,\"valueName\":\"search_term_string\"}}],\"inLanguage\":\"es\"},{\"@type\":\"Organization\",\"@id\":\"https:\/\/serveisvetcerdanya.es\/#organization\",\"name\":\"Serveis Veterinaris de la Cerdanya\",\"url\":\"https:\/\/serveisvetcerdanya.es\/\",\"logo\":{\"@type\":\"ImageObject\",\"inLanguage\":\"es\",\"@id\":\"https:\/\/serveisvetcerdanya.es\/#\/schema\/logo\/image\/\",\"url\":\"https:\/\/serveisvetcerdanya.es\/wp-content\/uploads\/2024\/11\/310525221_1217783492336935_1366772131273483382_n.jpg\",\"contentUrl\":\"https:\/\/serveisvetcerdanya.es\/wp-content\/uploads\/2024\/11\/310525221_1217783492336935_1366772131273483382_n.jpg\",\"width\":751,\"height\":751,\"caption\":\"Serveis Veterinaris de la Cerdanya\"},\"image\":{\"@id\":\"https:\/\/serveisvetcerdanya.es\/#\/schema\/logo\/image\/\"}}]}<\/script>\n<!-- \/ Yoast SEO plugin. -->","yoast_head_json":{"title":"Sobre nosotros - Serveis Veterinaris de la Cerdanya","robots":{"index":"index","follow":"follow","max-snippet":"max-snippet:-1","max-image-preview":"max-image-preview:large","max-video-preview":"max-video-preview:-1"},"canonical":"https:\/\/serveisvetcerdanya.es\/es\/sobre-nosaltres\/","og_locale":"es_ES","og_type":"article","og_title":"Sobre nosotros - Serveis Veterinaris de la Cerdanya","og_url":"https:\/\/serveisvetcerdanya.es\/es\/sobre-nosaltres\/","og_site_name":"Serveis Veterinaris de la Cerdanya","article_modified_time":"2024-12-23T10:38:00+00:00","twitter_card":"summary_large_image","twitter_misc":{"Tiempo de lectura":"2 minutos"},"schema":{"@context":"https:\/\/schema.org","@graph":[{"@type":"WebPage","@id":"https:\/\/serveisvetcerdanya.es\/es\/sobre-nosaltres\/","url":"https:\/\/serveisvetcerdanya.es\/es\/sobre-nosaltres\/","name":"Sobre nosotros - Serveis Veterinaris de la Cerdanya","isPartOf":{"@id":"https:\/\/serveisvetcerdanya.es\/#website"},"datePublished":"2024-11-29T11:33:09+00:00","dateModified":"2024-12-23T10:38:00+00:00","breadcrumb":{"@id":"https:\/\/serveisvetcerdanya.es\/es\/sobre-nosaltres\/#breadcrumb"},"inLanguage":"es","potentialAction":[{"@type":"ReadAction","target":["https:\/\/serveisvetcerdanya.es\/es\/sobre-nosaltres\/"]}]},{"@type":"BreadcrumbList","@id":"https:\/\/serveisvetcerdanya.es\/es\/sobre-nosaltres\/#breadcrumb","itemListElement":[{"@type":"ListItem","position":1,"name":"Home","item":"https:\/\/serveisvetcerdanya.es\/es\/"},{"@type":"ListItem","position":2,"name":"Sobre nosotros"}]},{"@type":"WebSite","@id":"https:\/\/serveisvetcerdanya.es\/#website","url":"https:\/\/serveisvetcerdanya.es\/","name":"Serveis Veterinaris de la Cerdanya","description":"Cl\u00ednica veterinaria","publisher":{"@id":"https:\/\/serveisvetcerdanya.es\/#organization"},"potentialAction":[{"@type":"SearchAction","target":{"@type":"EntryPoint","urlTemplate":"https:\/\/serveisvetcerdanya.es\/?s={search_term_string}"},"query-input":{"@type":"PropertyValueSpecification","valueRequired":true,"valueName":"search_term_string"}}],"inLanguage":"es"},{"@type":"Organization","@id":"https:\/\/serveisvetcerdanya.es\/#organization","name":"Serveis Veterinaris de la Cerdanya","url":"https:\/\/serveisvetcerdanya.es\/","logo":{"@type":"ImageObject","inLanguage":"es","@id":"https:\/\/serveisvetcerdanya.es\/#\/schema\/logo\/image\/","url":"https:\/\/serveisvetcerdanya.es\/wp-content\/uploads\/2024\/11\/310525221_1217783492336935_1366772131273483382_n.jpg","contentUrl":"https:\/\/serveisvetcerdanya.es\/wp-content\/uploads\/2024\/11\/310525221_1217783492336935_1366772131273483382_n.jpg","width":751,"height":751,"caption":"Serveis Veterinaris de la Cerdanya"},"image":{"@id":"https:\/\/serveisvetcerdanya.es\/#\/schema\/logo\/image\/"}}]}},"_links":{"self":[{"href":"https:\/\/serveisvetcerdanya.es\/es\/wp-json\/wp\/v2\/pages\/5604","targetHints":{"allow":["GET"]}}],"collection":[{"href":"https:\/\/serveisvetcerdanya.es\/es\/wp-json\/wp\/v2\/pages"}],"about":[{"href":"https:\/\/serveisvetcerdanya.es\/es\/wp-json\/wp\/v2\/types\/page"}],"author":[{"embeddable":true,"href":"https:\/\/serveisvetcerdanya.es\/es\/wp-json\/wp\/v2\/users\/1"}],"replies":[{"embeddable":true,"href":"https:\/\/serveisvetcerdanya.es\/es\/wp-json\/wp\/v2\/comments?post=5604"}],"version-history":[{"count":8,"href":"https:\/\/serveisvetcerdanya.es\/es\/wp-json\/wp\/v2\/pages\/5604\/revisions"}],"predecessor-version":[{"id":5770,"href":"https:\/\/serveisvetcerdanya.es\/es\/wp-json\/wp\/v2\/pages\/5604\/revisions\/5770"}],"wp:attachment":[{"href":"https:\/\/serveisvetcerdanya.es\/es\/wp-json\/wp\/v2\/media?parent=5604"}],"curies":[{"name":"wp","href":"https:\/\/api.w.org\/{rel}","templated":true}]}}