{"id":5603,"date":"2024-11-29T11:33:09","date_gmt":"2024-11-29T11:33:09","guid":{"rendered":"https:\/\/serveisvetcerdanya.es\/sobre-nosaltres\/"},"modified":"2024-12-23T11:11:02","modified_gmt":"2024-12-23T11:11:02","slug":"sobre-nosaltres","status":"publish","type":"page","link":"https:\/\/serveisvetcerdanya.es\/fr\/sobre-nosaltres\/","title":{"rendered":"\u00c0 propos de nous"},"content":{"rendered":"<div class=\"wpb-content-wrapper\">[vc_section css=\u00a0\u00bb.vc_custom_1733139849984{padding-top: 80px !important;padding-bottom: 80px !important;}\u00a0\u00bb][vc_row css_animation=\u00a0\u00bbfadeInLeft\u00a0\u00bb content_placement=\u00a0\u00bbmiddle\u00a0\u00bb column_spacing=\u00a0\u00bb60&Prime; remove_bottom_col_margin=\u00a0\u00bbtrue\u00a0\u00bb][vc_column width=\u00a0\u00bb1\/2&Prime;]<style>.vcex-heading.vcex_69d17382eb6d7{color:var(--wpex-accent);font-size:32px;}<\/style><h2 class=\"vcex-heading vcex-heading-plain vcex-module wpex-heading wpex-text-2xl wpex-mb-5 vcex_69d17382eb6d7\"><span class=\"vcex-heading-inner wpex-inline-block\">Votre v\u00e9t\u00e9rinaire de confiance en Cerdagne<\/span><\/h2><div class=\"vcex-module vcex-divider vcex-divider-solid vcex-divider-left wpex-mr-auto wpex-max-w-100 wpex-block wpex-h-0 wpex-border-b wpex-border-solid wpex-border-main\" style=\"width:90px;margin-block:20px;border-bottom-width:2px;border-color:var(--wpex-accent);\"><\/div>[vc_column_text css=\u00a0\u00bb\u00a0\u00bb el_class=\u00a0\u00bbjustificar\u00a0\u00bb font_size=\u00a0\u00bb16px\u00a0\u00bb]La Cl\u00ednica Veterin\u00e0ria <strong>Serveis Veterinaris de la Cerdanya<\/strong> est un centre v\u00e9t\u00e9rinaire avec une longue histoire, avec <strong>plus de 30 ans d&rsquo;exp\u00e9rience<\/strong>, situ\u00e9 \u00e0 Puigcerd\u00e0. C&rsquo;est un point de r\u00e9f\u00e9rence pour les soins v\u00e9t\u00e9rinaires de la r\u00e9gion. Cette clinique est reconnue pour son d\u00e9vouement \u00e0 la sant\u00e9 et au bien-\u00eatre des animaux de compagnie, des \u00e9quid\u00e9s et des animaux de ferme.<\/p>\n<p>Aux <strong>Services V\u00e9t\u00e9rinaires de Cerdagne,<\/strong> la passion pour les animaux et l&rsquo;engagement pour leur bien-\u00eatre sont notre raison d&rsquo;\u00eatre ![\/vc_column_text]<style>.vcex-button.vcex_69d17382eda67:hover{background:var(--wpex-accent)!important;color:var(--wpex-on-accent-alt)!important;}.vcex-button.vcex_69d17382eda67{color:var(--wpex-accent)!important;margin-block-start:30px;border:1px solid #56c69b;font-size:16px;}<\/style><a href=\"#\u00e9quipe\" class=\"vcex-button theme-button minimal-border inline local-scroll-link vcex_69d17382eda67\" title=\"\u00e9quipe\"><span class=\"vcex-button-inner theme-button-inner wpex-flex wpex-flex-wrap wpex-items-center wpex-justify-center\"><span class=\"vcex-button-icon vcex-icon-wrap theme-button-icon-left\"><span aria-hidden=\"true\" class=\"fas fa-users\"><\/span><\/span>D\u00e9couvrez notre \u00e9quipe<\/span><\/a> <div class=\"vcex-spacing wpex-w-100 wpex-clear\"><\/div>[\/vc_column][vc_column parallax=\u00a0\u00bbcontent-moving\u00a0\u00bb parallax_image=\u00a0\u00bb5246&Prime; width=\u00a0\u00bb1\/2&Prime; min_height=\u00a0\u00bb500px\u00a0\u00bb][\/vc_column][\/vc_row][\/vc_section][vc_section css_animation=\u00a0\u00bbfadeInUp\u00a0\u00bb full_width=\u00a0\u00bbstretch_row\u00a0\u00bb css=\u00a0\u00bb.vc_custom_1733139859584{padding-top: 80px !important;padding-bottom: 80px !important;background-color: rgba(86,198,155,0.09) !important;*background-color: rgb(86,198,155) !important;}\u00a0\u00bb local_scroll_id=\u00a0\u00bbabout-home\u00a0\u00bb][vc_row css_animation=\u00a0\u00bbfadeInRight\u00a0\u00bb content_placement=\u00a0\u00bbmiddle\u00a0\u00bb column_spacing=\u00a0\u00bb60&Prime; equal_height=\u00a0\u00bbyes\u00a0\u00bb columns_right=\u00a0\u00bbyes\u00a0\u00bb][vc_column width=\u00a0\u00bb1\/2&Prime;][vc_column_text css=\u00a0\u00bb\u00a0\u00bb el_class=\u00a0\u00bbjustificar\u00a0\u00bb font_size=\u00a0\u00bb16px\u00a0\u00bb]Au <strong>Serveis Veterinaris de la Cerdanya<\/strong> , nous employons des v\u00e9t\u00e9rinaires et des assistants hautement qualifi\u00e9s et engag\u00e9s dans la sant\u00e9 et le bien-\u00eatre des animaux.<\/p>\n<p>Nous sommes une \u00e9quipe de professionnels en formation constante, ce qui nous permet d&rsquo;\u00eatre inform\u00e9s des derni\u00e8res avanc\u00e9es en m\u00e9decine v\u00e9t\u00e9rinaire et de fournir un service de qualit\u00e9.<\/p>\n<p>Nous disposons <strong>d&rsquo;installations \u00e9quip\u00e9es des derni\u00e8res technologies pour garantir les soins les plus pr\u00e9cis<\/strong> . De notre bloc op\u00e9ratoire enti\u00e8rement \u00e9quip\u00e9 \u00e0 notre laboratoire d\u2019analyses cliniques, chaque d\u00e9tail est pens\u00e9 pour offrir la meilleure qualit\u00e9 de soins possible.<\/p>\n<p>Nous sommes pr\u00eats \u00e0 effectuer des interventions chirurgicales g\u00e9n\u00e9rales et d\u2019urgence, ainsi que d\u2019autres proc\u00e9dures pour traiter les urgences.<\/p>\n<p>Nous ne nous soucions pas seulement de vos animaux de compagnie, mais aussi de ceux qui recherchent un foyer. Nous collaborons avec des associations caritatives locales telles que l&rsquo;Associaci\u00f3 Sos Animals Cerdanya (ASAC) et Progat Cerdanya pour contribuer \u00e0 la cause et faire une diff\u00e9rence dans la vie des animaux dans le besoin.[\/vc_column_text][\/vc_column][vc_column parallax=\u00a0\u00bbcontent-moving\u00a0\u00bb parallax_image=\u00a0\u00bb5108&Prime; width=\u00a0\u00bb1\/2&Prime; min_height=\u00a0\u00bb400px\u00a0\u00bb][\/vc_column][\/vc_row][\/vc_section][vc_section css_animation=\u00a0\u00bbfadeInRight\u00a0\u00bb full_width=\u00a0\u00bbstretch_row\u00a0\u00bb css=\u00a0\u00bb.vc_custom_1733144616792{padding-top: 80px !important;padding-bottom: 80px !important;}\u00a0\u00bb local_scroll_id=\u00a0\u00bbequip\u00a0\u00bb el_id=\u00a0\u00bbequip\u00a0\u00bb][vc_row css_animation=\u00a0\u00bbfadeInRight\u00a0\u00bb column_spacing=\u00a0\u00bb0px\u00a0\u00bb gap=\u00a0\u00bb15&Prime;][vc_column]<style>.vcex-heading.vcex_69d17382ee7f8{color:var(--wpex-accent);font-size:32px;}<\/style><h2 class=\"vcex-heading vcex-heading-plain vcex-module wpex-heading wpex-text-2xl wpex-mt-0 wpex-mb-30 wpex-text-center vcex_69d17382ee7f8\"><span class=\"vcex-heading-inner wpex-inline-block\">Qui sommes-nous?<\/span><\/h2><div class=\"vcex-module vcex-staff-grid-wrap wpex-clr\"><div class=\"wpex-row vcex-staff-grid entries wpex-clr\"><div class=\"staff-entry vcex-grid-item span_1_of_3 wpex-text-center col col-1 post-5699 entry type-staff has-media\"><div class=\"staff-entry-inner entry-inner wpex-first-mt-0 wpex-last-mb-0 wpex-clr\"><div class=\"staff-entry-media entry-media wpex-relative wpex-mb-20\"><img width=\"900\" height=\"1100\" src=\"https:\/\/serveisvetcerdanya.es\/wp-content\/uploads\/2013\/11\/equip-mireia.jpg\" class=\"staff-entry-media-img staff-entry-img wpex-align-middle wpex-align-middle\" alt=\"\" loading=\"lazy\" decoding=\"async\" srcset=\"https:\/\/serveisvetcerdanya.es\/wp-content\/uploads\/2013\/11\/equip-mireia.jpg 900w, https:\/\/serveisvetcerdanya.es\/wp-content\/uploads\/2013\/11\/equip-mireia-245x300.jpg 245w, https:\/\/serveisvetcerdanya.es\/wp-content\/uploads\/2013\/11\/equip-mireia-838x1024.jpg 838w, https:\/\/serveisvetcerdanya.es\/wp-content\/uploads\/2013\/11\/equip-mireia-768x939.jpg 768w, https:\/\/serveisvetcerdanya.es\/wp-content\/uploads\/2013\/11\/equip-mireia-600x733.jpg 600w\" sizes=\"auto, (max-width: 900px) 100vw, 900px\" \/><\/div><div class=\"staff-entry-details entry-details wpex-first-mt-0 wpex-last-mb-0 wpex-clr\"><h2 class=\"staff-entry-title entry-title wpex-mb-5\" style=\"font-size:19px;\">Mireia Casamitjana<\/h2><div class=\"staff-entry-position entry-position wpex-text-sm wpex-text-3 wpex-leading-snug wpex-mb-5\" style=\"font-size:16px;\">M\u00e9decine v\u00e9t\u00e9rinaire<\/div><\/div><\/div><\/div><div class=\"staff-entry vcex-grid-item span_1_of_3 wpex-text-center col col-2 post-5701 entry type-staff has-media\"><div class=\"staff-entry-inner entry-inner wpex-first-mt-0 wpex-last-mb-0 wpex-clr\"><div class=\"staff-entry-media entry-media wpex-relative wpex-mb-20\"><img width=\"900\" height=\"1100\" src=\"https:\/\/serveisvetcerdanya.es\/wp-content\/uploads\/2024\/12\/equip-anna.jpg\" class=\"staff-entry-media-img staff-entry-img wpex-align-middle wpex-align-middle\" alt=\"\" loading=\"lazy\" decoding=\"async\" srcset=\"https:\/\/serveisvetcerdanya.es\/wp-content\/uploads\/2024\/12\/equip-anna.jpg 900w, https:\/\/serveisvetcerdanya.es\/wp-content\/uploads\/2024\/12\/equip-anna-245x300.jpg 245w, https:\/\/serveisvetcerdanya.es\/wp-content\/uploads\/2024\/12\/equip-anna-838x1024.jpg 838w, https:\/\/serveisvetcerdanya.es\/wp-content\/uploads\/2024\/12\/equip-anna-768x939.jpg 768w, https:\/\/serveisvetcerdanya.es\/wp-content\/uploads\/2024\/12\/equip-anna-600x733.jpg 600w\" sizes=\"auto, (max-width: 900px) 100vw, 900px\" \/><\/div><div class=\"staff-entry-details entry-details wpex-first-mt-0 wpex-last-mb-0 wpex-clr\"><h2 class=\"staff-entry-title entry-title wpex-mb-5\" style=\"font-size:19px;\">Anna Roura<\/h2><div class=\"staff-entry-position entry-position wpex-text-sm wpex-text-3 wpex-leading-snug wpex-mb-5\" style=\"font-size:16px;\">M\u00e9decine v\u00e9t\u00e9rinaire<\/div><\/div><\/div><\/div><div class=\"staff-entry vcex-grid-item span_1_of_3 wpex-text-center col col-3 post-5703 entry type-staff has-media\"><div class=\"staff-entry-inner entry-inner wpex-first-mt-0 wpex-last-mb-0 wpex-clr\"><div class=\"staff-entry-media entry-media wpex-relative wpex-mb-20\"><img width=\"900\" height=\"1100\" src=\"https:\/\/serveisvetcerdanya.es\/wp-content\/uploads\/2024\/11\/equip-anna-escalada-1.jpg\" class=\"staff-entry-media-img staff-entry-img wpex-align-middle wpex-align-middle\" alt=\"\" loading=\"lazy\" decoding=\"async\" srcset=\"https:\/\/serveisvetcerdanya.es\/wp-content\/uploads\/2024\/11\/equip-anna-escalada-1.jpg 900w, https:\/\/serveisvetcerdanya.es\/wp-content\/uploads\/2024\/11\/equip-anna-escalada-1-245x300.jpg 245w, https:\/\/serveisvetcerdanya.es\/wp-content\/uploads\/2024\/11\/equip-anna-escalada-1-838x1024.jpg 838w, https:\/\/serveisvetcerdanya.es\/wp-content\/uploads\/2024\/11\/equip-anna-escalada-1-768x939.jpg 768w, https:\/\/serveisvetcerdanya.es\/wp-content\/uploads\/2024\/11\/equip-anna-escalada-1-600x733.jpg 600w\" sizes=\"auto, (max-width: 900px) 100vw, 900px\" \/><\/div><div class=\"staff-entry-details entry-details wpex-first-mt-0 wpex-last-mb-0 wpex-clr\"><h2 class=\"staff-entry-title entry-title wpex-mb-5\" style=\"font-size:19px;\">Anna Escalada<\/h2><div class=\"staff-entry-position entry-position wpex-text-sm wpex-text-3 wpex-leading-snug wpex-mb-5\" style=\"font-size:16px;\">M\u00e9decine v\u00e9t\u00e9rinaire<\/div><\/div><\/div><\/div><div class=\"staff-entry vcex-grid-item span_1_of_3 wpex-text-center col col-1 post-5705 entry type-staff has-media\"><div class=\"staff-entry-inner entry-inner wpex-first-mt-0 wpex-last-mb-0 wpex-clr\"><div class=\"staff-entry-media entry-media wpex-relative wpex-mb-20\"><img width=\"900\" height=\"1100\" src=\"https:\/\/serveisvetcerdanya.es\/wp-content\/uploads\/2024\/12\/equip-monica.jpg\" class=\"staff-entry-media-img staff-entry-img wpex-align-middle wpex-align-middle\" alt=\"\" loading=\"lazy\" decoding=\"async\" srcset=\"https:\/\/serveisvetcerdanya.es\/wp-content\/uploads\/2024\/12\/equip-monica.jpg 900w, https:\/\/serveisvetcerdanya.es\/wp-content\/uploads\/2024\/12\/equip-monica-245x300.jpg 245w, https:\/\/serveisvetcerdanya.es\/wp-content\/uploads\/2024\/12\/equip-monica-838x1024.jpg 838w, https:\/\/serveisvetcerdanya.es\/wp-content\/uploads\/2024\/12\/equip-monica-768x939.jpg 768w, https:\/\/serveisvetcerdanya.es\/wp-content\/uploads\/2024\/12\/equip-monica-600x733.jpg 600w\" sizes=\"auto, (max-width: 900px) 100vw, 900px\" \/><\/div><div class=\"staff-entry-details entry-details wpex-first-mt-0 wpex-last-mb-0 wpex-clr\"><h2 class=\"staff-entry-title entry-title wpex-mb-5\" style=\"font-size:19px;\">Monica Troncoso<\/h2><div class=\"staff-entry-position entry-position wpex-text-sm wpex-text-3 wpex-leading-snug wpex-mb-5\" style=\"font-size:16px;\">Secr\u00e9taire<\/div><\/div><\/div><\/div><div class=\"staff-entry vcex-grid-item span_1_of_3 wpex-text-center col col-2 post-5707 entry type-staff has-media\"><div class=\"staff-entry-inner entry-inner wpex-first-mt-0 wpex-last-mb-0 wpex-clr\"><div class=\"staff-entry-media entry-media wpex-relative wpex-mb-20\"><img width=\"900\" height=\"1100\" src=\"https:\/\/serveisvetcerdanya.es\/wp-content\/uploads\/2024\/12\/equip-noelia.jpg\" class=\"staff-entry-media-img staff-entry-img wpex-align-middle wpex-align-middle\" alt=\"\" loading=\"lazy\" decoding=\"async\" srcset=\"https:\/\/serveisvetcerdanya.es\/wp-content\/uploads\/2024\/12\/equip-noelia.jpg 900w, https:\/\/serveisvetcerdanya.es\/wp-content\/uploads\/2024\/12\/equip-noelia-245x300.jpg 245w, https:\/\/serveisvetcerdanya.es\/wp-content\/uploads\/2024\/12\/equip-noelia-838x1024.jpg 838w, https:\/\/serveisvetcerdanya.es\/wp-content\/uploads\/2024\/12\/equip-noelia-768x939.jpg 768w, https:\/\/serveisvetcerdanya.es\/wp-content\/uploads\/2024\/12\/equip-noelia-600x733.jpg 600w\" sizes=\"auto, (max-width: 900px) 100vw, 900px\" \/><\/div><div class=\"staff-entry-details entry-details wpex-first-mt-0 wpex-last-mb-0 wpex-clr\"><h2 class=\"staff-entry-title entry-title wpex-mb-5\" style=\"font-size:19px;\">No\u00e9lia P\u00e9rez<\/h2><div class=\"staff-entry-position entry-position wpex-text-sm wpex-text-3 wpex-leading-snug wpex-mb-5\" style=\"font-size:16px;\">Assistant<\/div><\/div><\/div><\/div><\/div><\/div>[\/vc_column][\/vc_row][\/vc_section][vc_row remove_bottom_col_margin=\u00a0\u00bbtrue\u00a0\u00bb][vc_column]<div class=\"templatera_shortcode\"><style type=\"text\/css\" data-type=\"vc_shortcodes-custom-css\">.vc_custom_1732617843960{padding-top: 50px !important;padding-bottom: 50px !important;background-color: #f5f5f5 !important;}.vc_custom_1734606290575{padding-bottom: 15px !important;}<\/style><div class=\"vc_row wpb_row vc_row-fluid vc_custom_1732617843960 wpex-vc-full-width-row wpex-vc-full-width-row--centered wpex-has-overlay wpex-relative wpex-has-video-bg wpex-vc_row-has-fill no-bottom-margins wpex-vc-reset-negative-margin\"><div class=\"wpex-video-bg-wrap wpex-absolute wpex-inset-0 wpex-overflow-hidden wpex-rounded-inherit\"><video class=\"wpex-video-bg wpex-video-bg-center wpex-absolute wpex-top-50 wpex-left-50 -wpex-translate-xy-50 wpex-w-auto wpex-h-auto wpex-min-w-100 wpex-min-h-100 wpex-max-w-none\" preload=\"auto\" autoplay=\"true\" aria-hidden=\"true\" playsinline loop=\"loop\" muted volume=\"0\"><source src=\"https:\/\/serveisvetcerdanya.es\/wp-content\/uploads\/2024\/11\/3191251-uhd_4096_2160_25fps.mp4\" type=\"video\/mp4\"><\/video><\/div><div class=\"wpex-bg-overlay-wrap wpex-absolute wpex-inset-0 wpex-rounded-inherit\"><span class=\"wpex-bg-overlay color wpex-absolute wpex-inset-0 wpex-rounded-inherit wpex-opacity-60 wpex-bg-black\" style=\"background-color:var(--wpex-accent);opacity:0.85;\"><\/span><\/div><div class=\"wpb_column vc_column_container vc_col-sm-12\"><div class=\"vc_column-inner\"><div class=\"wpb_wrapper\"><style>.vcex-heading.vcex_69d1738307507{font-size:32px;font-weight:400;}<\/style><div class=\"vcex-heading vcex-heading-plain vcex-module wpex-heading wpex-text-2xl wpex-text-center vc_custom_1734606290575 vcex_69d1738307507\"><span class=\"vcex-heading-inner wpex-inline-block\">Nous sommes toujours disponibles pour vous<\/span><\/div>\n\t<div style=\"color:var(--wpex-on-accent-alt);font-size:18px;font-weight:300;text-align:center;width:700px;\" class=\"wpb_text_column has-custom-color wpex-child-inherit-color wpex-max-w-100 wpex-mx-auto wpb_content_element\" >\n\t\t<div class=\"wpb_wrapper\">\n\t\t\t<p>Pendant nos heures d'ouverture, nous travaillons sur rendez-vous, mais nous disposons d'excellents soins d'urgence. <strong>Nous sommes disponibles 24h\/24<\/strong> !<\/p>\n\n\t\t<\/div>\n\t<\/div>\n<div class=\"vcex-spacing wpex-w-100 wpex-clear\"><\/div><style>.vcex-button.vcex_69d1738308b23{background:#ffffff;color:var(--wpex-accent)!important;font-size:17px;font-weight:600;text-transform:uppercase;}<\/style><div class=\"theme-button-wrap textcenter wpex-clr\"><a href=\"\/fr\/contacte\/\" class=\"vcex-button theme-button align-center inline vcex_69d1738308b23\"><span class=\"vcex-button-inner theme-button-inner wpex-flex wpex-flex-wrap wpex-items-center wpex-justify-center\">Contactez maintenant<span class=\"vcex-button-icon vcex-icon-wrap theme-button-icon-right\"><span aria-hidden=\"true\" class=\"far fa-envelope-open\"><\/span><\/span><\/span><\/a><\/div> <\/div><\/div><\/div><\/div><\/div>[\/vc_column][\/vc_row]\n<\/div>","protected":false},"excerpt":{"rendered":"","protected":false},"author":1,"featured_media":0,"parent":0,"menu_order":0,"comment_status":"closed","ping_status":"closed","template":"","meta":{"footnotes":""},"class_list":["post-5603","page","type-page","status-publish","hentry","entry","has-media"],"yoast_head":"<!-- This site is optimized with the Yoast SEO plugin v24.0 - https:\/\/yoast.com\/wordpress\/plugins\/seo\/ -->\n<title>\u00c0 propos de nous - Serveis Veterinaris de la Cerdanya<\/title>\n<meta name=\"robots\" content=\"index, follow, max-snippet:-1, max-image-preview:large, max-video-preview:-1\" \/>\n<link rel=\"canonical\" href=\"https:\/\/serveisvetcerdanya.es\/fr\/sobre-nosaltres\/\" \/>\n<meta property=\"og:locale\" content=\"fr_FR\" \/>\n<meta property=\"og:type\" content=\"article\" \/>\n<meta property=\"og:title\" content=\"\u00c0 propos de nous - Serveis Veterinaris de la Cerdanya\" \/>\n<meta property=\"og:url\" content=\"https:\/\/serveisvetcerdanya.es\/fr\/sobre-nosaltres\/\" \/>\n<meta property=\"og:site_name\" content=\"Serveis Veterinaris de la Cerdanya\" \/>\n<meta property=\"article:modified_time\" content=\"2024-12-23T11:11:02+00:00\" \/>\n<meta name=\"twitter:card\" content=\"summary_large_image\" \/>\n<meta name=\"twitter:label1\" content=\"Dur\u00e9e de lecture estim\u00e9e\" \/>\n\t<meta name=\"twitter:data1\" content=\"3 minutes\" \/>\n<script type=\"application\/ld+json\" class=\"yoast-schema-graph\">{\"@context\":\"https:\/\/schema.org\",\"@graph\":[{\"@type\":\"WebPage\",\"@id\":\"https:\/\/serveisvetcerdanya.es\/fr\/sobre-nosaltres\/\",\"url\":\"https:\/\/serveisvetcerdanya.es\/fr\/sobre-nosaltres\/\",\"name\":\"\u00c0 propos de nous - Serveis Veterinaris de la Cerdanya\",\"isPartOf\":{\"@id\":\"https:\/\/serveisvetcerdanya.es\/#website\"},\"datePublished\":\"2024-11-29T11:33:09+00:00\",\"dateModified\":\"2024-12-23T11:11:02+00:00\",\"breadcrumb\":{\"@id\":\"https:\/\/serveisvetcerdanya.es\/fr\/sobre-nosaltres\/#breadcrumb\"},\"inLanguage\":\"fr-FR\",\"potentialAction\":[{\"@type\":\"ReadAction\",\"target\":[\"https:\/\/serveisvetcerdanya.es\/fr\/sobre-nosaltres\/\"]}]},{\"@type\":\"BreadcrumbList\",\"@id\":\"https:\/\/serveisvetcerdanya.es\/fr\/sobre-nosaltres\/#breadcrumb\",\"itemListElement\":[{\"@type\":\"ListItem\",\"position\":1,\"name\":\"Home\",\"item\":\"https:\/\/serveisvetcerdanya.es\/fr\/\"},{\"@type\":\"ListItem\",\"position\":2,\"name\":\"\u00c0 propos de nous\"}]},{\"@type\":\"WebSite\",\"@id\":\"https:\/\/serveisvetcerdanya.es\/#website\",\"url\":\"https:\/\/serveisvetcerdanya.es\/\",\"name\":\"Serveis Veterinaris de la Cerdanya\",\"description\":\"Cl\u00ednica veterinaria\",\"publisher\":{\"@id\":\"https:\/\/serveisvetcerdanya.es\/#organization\"},\"potentialAction\":[{\"@type\":\"SearchAction\",\"target\":{\"@type\":\"EntryPoint\",\"urlTemplate\":\"https:\/\/serveisvetcerdanya.es\/?s={search_term_string}\"},\"query-input\":{\"@type\":\"PropertyValueSpecification\",\"valueRequired\":true,\"valueName\":\"search_term_string\"}}],\"inLanguage\":\"fr-FR\"},{\"@type\":\"Organization\",\"@id\":\"https:\/\/serveisvetcerdanya.es\/#organization\",\"name\":\"Serveis Veterinaris de la Cerdanya\",\"url\":\"https:\/\/serveisvetcerdanya.es\/\",\"logo\":{\"@type\":\"ImageObject\",\"inLanguage\":\"fr-FR\",\"@id\":\"https:\/\/serveisvetcerdanya.es\/#\/schema\/logo\/image\/\",\"url\":\"https:\/\/serveisvetcerdanya.es\/wp-content\/uploads\/2024\/11\/310525221_1217783492336935_1366772131273483382_n.jpg\",\"contentUrl\":\"https:\/\/serveisvetcerdanya.es\/wp-content\/uploads\/2024\/11\/310525221_1217783492336935_1366772131273483382_n.jpg\",\"width\":751,\"height\":751,\"caption\":\"Serveis Veterinaris de la Cerdanya\"},\"image\":{\"@id\":\"https:\/\/serveisvetcerdanya.es\/#\/schema\/logo\/image\/\"}}]}<\/script>\n<!-- \/ Yoast SEO plugin. -->","yoast_head_json":{"title":"\u00c0 propos de nous - Serveis Veterinaris de la Cerdanya","robots":{"index":"index","follow":"follow","max-snippet":"max-snippet:-1","max-image-preview":"max-image-preview:large","max-video-preview":"max-video-preview:-1"},"canonical":"https:\/\/serveisvetcerdanya.es\/fr\/sobre-nosaltres\/","og_locale":"fr_FR","og_type":"article","og_title":"\u00c0 propos de nous - Serveis Veterinaris de la Cerdanya","og_url":"https:\/\/serveisvetcerdanya.es\/fr\/sobre-nosaltres\/","og_site_name":"Serveis Veterinaris de la Cerdanya","article_modified_time":"2024-12-23T11:11:02+00:00","twitter_card":"summary_large_image","twitter_misc":{"Dur\u00e9e de lecture estim\u00e9e":"3 minutes"},"schema":{"@context":"https:\/\/schema.org","@graph":[{"@type":"WebPage","@id":"https:\/\/serveisvetcerdanya.es\/fr\/sobre-nosaltres\/","url":"https:\/\/serveisvetcerdanya.es\/fr\/sobre-nosaltres\/","name":"\u00c0 propos de nous - Serveis Veterinaris de la Cerdanya","isPartOf":{"@id":"https:\/\/serveisvetcerdanya.es\/#website"},"datePublished":"2024-11-29T11:33:09+00:00","dateModified":"2024-12-23T11:11:02+00:00","breadcrumb":{"@id":"https:\/\/serveisvetcerdanya.es\/fr\/sobre-nosaltres\/#breadcrumb"},"inLanguage":"fr-FR","potentialAction":[{"@type":"ReadAction","target":["https:\/\/serveisvetcerdanya.es\/fr\/sobre-nosaltres\/"]}]},{"@type":"BreadcrumbList","@id":"https:\/\/serveisvetcerdanya.es\/fr\/sobre-nosaltres\/#breadcrumb","itemListElement":[{"@type":"ListItem","position":1,"name":"Home","item":"https:\/\/serveisvetcerdanya.es\/fr\/"},{"@type":"ListItem","position":2,"name":"\u00c0 propos de nous"}]},{"@type":"WebSite","@id":"https:\/\/serveisvetcerdanya.es\/#website","url":"https:\/\/serveisvetcerdanya.es\/","name":"Serveis Veterinaris de la Cerdanya","description":"Cl\u00ednica veterinaria","publisher":{"@id":"https:\/\/serveisvetcerdanya.es\/#organization"},"potentialAction":[{"@type":"SearchAction","target":{"@type":"EntryPoint","urlTemplate":"https:\/\/serveisvetcerdanya.es\/?s={search_term_string}"},"query-input":{"@type":"PropertyValueSpecification","valueRequired":true,"valueName":"search_term_string"}}],"inLanguage":"fr-FR"},{"@type":"Organization","@id":"https:\/\/serveisvetcerdanya.es\/#organization","name":"Serveis Veterinaris de la Cerdanya","url":"https:\/\/serveisvetcerdanya.es\/","logo":{"@type":"ImageObject","inLanguage":"fr-FR","@id":"https:\/\/serveisvetcerdanya.es\/#\/schema\/logo\/image\/","url":"https:\/\/serveisvetcerdanya.es\/wp-content\/uploads\/2024\/11\/310525221_1217783492336935_1366772131273483382_n.jpg","contentUrl":"https:\/\/serveisvetcerdanya.es\/wp-content\/uploads\/2024\/11\/310525221_1217783492336935_1366772131273483382_n.jpg","width":751,"height":751,"caption":"Serveis Veterinaris de la Cerdanya"},"image":{"@id":"https:\/\/serveisvetcerdanya.es\/#\/schema\/logo\/image\/"}}]}},"_links":{"self":[{"href":"https:\/\/serveisvetcerdanya.es\/fr\/wp-json\/wp\/v2\/pages\/5603","targetHints":{"allow":["GET"]}}],"collection":[{"href":"https:\/\/serveisvetcerdanya.es\/fr\/wp-json\/wp\/v2\/pages"}],"about":[{"href":"https:\/\/serveisvetcerdanya.es\/fr\/wp-json\/wp\/v2\/types\/page"}],"author":[{"embeddable":true,"href":"https:\/\/serveisvetcerdanya.es\/fr\/wp-json\/wp\/v2\/users\/1"}],"replies":[{"embeddable":true,"href":"https:\/\/serveisvetcerdanya.es\/fr\/wp-json\/wp\/v2\/comments?post=5603"}],"version-history":[{"count":9,"href":"https:\/\/serveisvetcerdanya.es\/fr\/wp-json\/wp\/v2\/pages\/5603\/revisions"}],"predecessor-version":[{"id":5775,"href":"https:\/\/serveisvetcerdanya.es\/fr\/wp-json\/wp\/v2\/pages\/5603\/revisions\/5775"}],"wp:attachment":[{"href":"https:\/\/serveisvetcerdanya.es\/fr\/wp-json\/wp\/v2\/media?parent=5603"}],"curies":[{"name":"wp","href":"https:\/\/api.w.org\/{rel}","templated":true}]}}