{"id":5613,"date":"2013-12-03T06:52:47","date_gmt":"2013-12-03T06:52:47","guid":{"rendered":"https:\/\/serveisvetcerdanya.es\/contacte\/"},"modified":"2025-05-28T06:43:57","modified_gmt":"2025-05-28T06:43:57","slug":"contacte","status":"publish","type":"page","link":"https:\/\/serveisvetcerdanya.es\/fr\/contacte\/","title":{"rendered":"Contact"},"content":{"rendered":"<div class=\"wpb-content-wrapper\">[vc_section full_width=\u00a0\u00bbstretch_row_content\u00a0\u00bb css=\u00a0\u00bb.vc_custom_1700564032722{padding-top: 0px !important;padding-bottom: 0px !important;background-color: #ffffff !important;}\u00a0\u00bb][vc_row full_width=\u00a0\u00bbstretch_row\u00a0\u00bb remove_bottom_col_margin=\u00a0\u00bbtrue\u00a0\u00bb css=\u00a0\u00bb.vc_custom_1691567134704{padding-top: 80px !important;padding-bottom: 80px !important;background-color: #ffffff !important;}\u00a0\u00bb][vc_column]<style>.vcex-flex-container_69d1b4fba7643{gap:15px;}<\/style><div class=\"vcex-flex-container vcex-module wpex-flex wpex-gap-20 wpex-flex-wrap vcex-flex-container--items_grow wpex-items-center wpex-justify-around vcex-flex-container_69d1b4fba7643\"><style>.vcex-icon-box.vcex_69d1b4fba8806{width:400px;}.vcex-icon-box.vcex_69d1b4fba8806:hover{background-color:var(--wpex-accent-alt);}.vcex-icon-box.vcex_69d1b4fba8806 .vcex-icon-box-content{color:#201e1e;font-size:1.2em;}.vcex-icon-box.vcex_69d1b4fba8806 .vcex-icon-box-heading{margin-bottom:10px;color:#201e1e;font-size:1.4em;}.vcex-icon-box.vcex_69d1b4fba8806 .vcex-icon-box-icon{font-size:35px;color:var(--wpex-accent);border-radius:0px;}<\/style><a class=\"vcex-module vcex-icon-box vcex-icon-box-four vcex-icon-box-hover-text-white vcex-icon-box-has-link wpex-inherit-color wpex-no-underline wpex-max-w-100 wpex-mx-auto wpex-block wpex-text-center wpex-p-30 wpex-bordered vcex_69d1b4fba8806\" href=\"mailto:&#118;e&#116;ce&#114;d&#097;ny&#097;&#064;gm&#097;&#105;l&#046;&#099;o&#109;\" target=\"_blank\" rel=\"noopener noreferrer\"><div class=\"vcex-icon-box-symbol vcex-icon-box-symbol--icon wpex-mb-20\"><div class=\"vcex-icon-box-icon wpex-items-center wpex-justify-center wpex-child-inherit-color wpex-text-center wpex-leading-none wpex-inline-flex wpex-text-1\"><span class=\"wpex-flex wpex-icon\" aria-hidden=\"true\"><svg xmlns=\"http:\/\/www.w3.org\/2000\/svg\" viewBox=\"0 0 512 512\"><path d=\"M64 112c-8.8 0-16 7.2-16 16v22.1L220.5 291.7c20.7 17 50.4 17 71.1 0L464 150.1V128c0-8.8-7.2-16-16-16H64zM48 212.2V384c0 8.8 7.2 16 16 16H448c8.8 0 16-7.2 16-16V212.2L322 328.8c-38.4 31.5-93.7 31.5-132 0L48 212.2zM0 128C0 92.7 28.7 64 64 64H448c35.3 0 64 28.7 64 64V384c0 35.3-28.7 64-64 64H64c-35.3 0-64-28.7-64-64V128z\"\/><\/svg><\/span><\/div><\/div><div class=\"vcex-icon-box-text\"><h2 class=\"vcex-icon-box-heading wpex-heading\">Email<\/h2><div class=\"vcex-icon-box-content wpex-last-mb-0 wpex-clr\"><p>vetcerdanya@gmail.com<\/p>\n<\/div><\/div><\/a><style>.vcex-icon-box.vcex_69d1b4fba98b5:hover{background-color:var(--wpex-accent-alt);}.vcex-icon-box.vcex_69d1b4fba98b5 .vcex-icon-box-content{color:#201e1e;font-size:1.2em;}.vcex-icon-box.vcex_69d1b4fba98b5 .vcex-icon-box-heading{margin-bottom:10px;color:#201e1e;font-size:1.4em;}.vcex-icon-box.vcex_69d1b4fba98b5 .vcex-icon-box-icon{font-size:35px;color:var(--wpex-accent);}<\/style><a class=\"vcex-module vcex-icon-box vcex-icon-box-four vcex-icon-box-hover-text-white vcex-icon-box-has-link wpex-inherit-color wpex-no-underline wpex-block wpex-text-center wpex-p-30 wpex-bordered vcex_69d1b4fba98b5\" href=\"tel:+34972880245\" target=\"_blank\" rel=\"noopener noreferrer\"><div class=\"vcex-icon-box-symbol vcex-icon-box-symbol--icon wpex-mb-20\"><div class=\"vcex-icon-box-icon wpex-items-center wpex-justify-center wpex-child-inherit-color wpex-text-center wpex-leading-none wpex-inline-flex wpex-text-1\"><span class=\"wpex-flex wpex-icon\" aria-hidden=\"true\"><svg xmlns=\"http:\/\/www.w3.org\/2000\/svg\" viewBox=\"0 0 512 512\"><path d=\"M164.9 24.6c-7.7-18.6-28-28.5-47.4-23.2l-88 24C12.1 30.2 0 46 0 64C0 311.4 200.6 512 448 512c18 0 33.8-12.1 38.6-29.5l24-88c5.3-19.4-4.6-39.7-23.2-47.4l-96-40c-16.3-6.8-35.2-2.1-46.3 11.6L304.7 368C234.3 334.7 177.3 277.7 144 207.3L193.3 167c13.7-11.2 18.4-30 11.6-46.3l-40-96z\"\/><\/svg><\/span><\/div><\/div><div class=\"vcex-icon-box-text\"><h2 class=\"vcex-icon-box-heading wpex-heading\">T\u00e9l\u00e9phone<\/h2><div class=\"vcex-icon-box-content wpex-last-mb-0 wpex-clr\"><p>(+34) 972 880 245<\/p>\n<\/div><\/div><\/a><style>.vcex-icon-box.vcex_69d1b4fbaa4f7{width:400px;}.vcex-icon-box.vcex_69d1b4fbaa4f7:hover{background-color:var(--wpex-accent-alt);}.vcex-icon-box.vcex_69d1b4fbaa4f7 .vcex-icon-box-content{color:#201e1e;font-size:1.2em;}.vcex-icon-box.vcex_69d1b4fbaa4f7 .vcex-icon-box-heading{margin-bottom:10px;color:#201e1e;font-size:1.4em;}.vcex-icon-box.vcex_69d1b4fbaa4f7 .vcex-icon-box-icon{font-size:35px;color:var(--wpex-accent);}<\/style><a class=\"vcex-module vcex-icon-box vcex-icon-box-four vcex-icon-box-hover-text-white vcex-icon-box-has-link wpex-inherit-color wpex-no-underline wpex-max-w-100 wpex-mx-auto wpex-block wpex-text-center wpex-p-30 wpex-bordered vcex_69d1b4fbaa4f7\" href=\"tel:+34659635479\" target=\"_blank\" rel=\"noopener noreferrer\"><div class=\"vcex-icon-box-symbol vcex-icon-box-symbol--icon wpex-mb-20\"><div class=\"vcex-icon-box-icon wpex-items-center wpex-justify-center wpex-child-inherit-color wpex-text-center wpex-leading-none wpex-inline-flex wpex-text-1\"><span class=\"wpex-flex wpex-icon\" aria-hidden=\"true\"><svg xmlns=\"http:\/\/www.w3.org\/2000\/svg\" viewBox=\"0 0 448 512\"><path d=\"M380.9 97.1C339 55.1 283.2 32 223.9 32c-122.4 0-222 99.6-222 222 0 39.1 10.2 77.3 29.6 111L0 480l117.7-30.9c32.4 17.7 68.9 27 106.1 27h.1c122.3 0 224.1-99.6 224.1-222 0-59.3-25.2-115-67.1-157zm-157 341.6c-33.2 0-65.7-8.9-94-25.7l-6.7-4-69.8 18.3L72 359.2l-4.4-7c-18.5-29.4-28.2-63.3-28.2-98.2 0-101.7 82.8-184.5 184.6-184.5 49.3 0 95.6 19.2 130.4 54.1 34.8 34.9 56.2 81.2 56.1 130.5 0 101.8-84.9 184.6-186.6 184.6zm101.2-138.2c-5.5-2.8-32.8-16.2-37.9-18-5.1-1.9-8.8-2.8-12.5 2.8-3.7 5.6-14.3 18-17.6 21.8-3.2 3.7-6.5 4.2-12 1.4-32.6-16.3-54-29.1-75.5-66-5.7-9.8 5.7-9.1 16.3-30.3 1.8-3.7 .9-6.9-.5-9.7-1.4-2.8-12.5-30.1-17.1-41.2-4.5-10.8-9.1-9.3-12.5-9.5-3.2-.2-6.9-.2-10.6-.2-3.7 0-9.7 1.4-14.8 6.9-5.1 5.6-19.4 19-19.4 46.3 0 27.3 19.9 53.7 22.6 57.4 2.8 3.7 39.1 59.7 94.8 83.8 35.2 15.2 49 16.5 66.6 13.9 10.7-1.6 32.8-13.4 37.4-26.4 4.6-13 4.6-24.1 3.2-26.4-1.3-2.5-5-3.9-10.5-6.6z\"\/><\/svg><\/span><\/div><\/div><div class=\"vcex-icon-box-text\"><h2 class=\"vcex-icon-box-heading wpex-heading\">Urgences<\/h2><div class=\"vcex-icon-box-content wpex-last-mb-0 wpex-clr\"><p>(+34) 659 635 479<\/p>\n<\/div><\/div><\/a><style>.vcex-icon-box.vcex_69d1b4fbab123{width:400px;}.vcex-icon-box.vcex_69d1b4fbab123:hover{background-color:var(--wpex-accent-alt);}.vcex-icon-box.vcex_69d1b4fbab123 .vcex-icon-box-content{color:#201e1e;font-size:1.2em;}.vcex-icon-box.vcex_69d1b4fbab123 .vcex-icon-box-heading{margin-bottom:10px;color:#201e1e;font-size:1.4em;}.vcex-icon-box.vcex_69d1b4fbab123 .vcex-icon-box-icon{font-size:35px;color:var(--wpex-accent);}<\/style><a class=\"vcex-module vcex-icon-box vcex-icon-box-four vcex-icon-box-hover-text-white vcex-icon-box-has-link wpex-inherit-color wpex-no-underline local-scroll-link wpex-max-w-100 wpex-mx-auto wpex-block wpex-text-center wpex-p-30 wpex-bordered vcex_69d1b4fbab123\" href=\"#emplacement\"><div class=\"vcex-icon-box-symbol vcex-icon-box-symbol--icon wpex-mb-20\"><div class=\"vcex-icon-box-icon wpex-items-center wpex-justify-center wpex-child-inherit-color wpex-text-center wpex-leading-none wpex-inline-flex wpex-text-1\"><span class=\"wpex-flex fas fa-map-marker-alt\" aria-hidden=\"true\"><\/span><\/div><\/div><div class=\"vcex-icon-box-text\"><h2 class=\"vcex-icon-box-heading wpex-heading\">Emplacement<\/h2><div class=\"vcex-icon-box-content wpex-last-mb-0 wpex-clr\"><p>Passeig Josep Pla, 2, 17520 Puigcerd\u00e1 (Catalunya) Spain<\/p>\n<\/div><\/div><\/a><\/div>[\/vc_column][\/vc_row][\/vc_section][vc_section full_width=\u00a0\u00bbstretch_row\u00a0\u00bb parallax=\u00a0\u00bbcontent-moving\u00a0\u00bb parallax_image=\u00a0\u00bb5240&Prime; css=\u00a0\u00bb.vc_custom_1733145313527{margin-top: 0px !important;margin-bottom: 0px !important;padding-top: 80px !important;padding-bottom: 80px !important;}\u00a0\u00bb wpex_bg_overlay=\u00a0\u00bbcolor\u00a0\u00bb wpex_bg_overlay_color=\u00a0\u00bb#ffffff\u00a0\u00bb wpex_bg_overlay_opacity=\u00a0\u00bb0.85&Prime;][vc_row full_width=\u00a0\u00bbstretch_row\u00a0\u00bb remove_bottom_col_margin=\u00a0\u00bbtrue\u00a0\u00bb bg_style=\u00a0\u00bbstretch\u00a0\u00bb css=\u00a0\u00bb.vc_custom_1732871818174{margin-top: 0px !important;margin-bottom: 0px !important;}\u00a0\u00bb][vc_column]<style>.vcex-heading.vcex_69d1b4fbac059{font-size:30px;}<\/style><h3 class=\"vcex-heading vcex-heading-plain vcex-module wpex-heading wpex-text-2xl wpex-mb-25 wpex-text-center vcex_69d1b4fbac059\"><span class=\"vcex-heading-inner wpex-inline-block\">Formulaire de contact (*obligatoire )<\/span><\/h3><div class=\"wpforms-container wpforms-container-full formulari-vetcerdanya wpforms-render-modern\" id=\"wpforms-4783\"><form id=\"wpforms-form-4783\" class=\"wpforms-validate wpforms-form wpforms-ajax-form\" data-formid=\"4783\" method=\"post\" enctype=\"multipart\/form-data\" action=\"\/fr\/wp-json\/wp\/v2\/pages\/5613\" data-token=\"566cd70022ce5762d41ea6c7406ce2c8\" data-token-time=\"1775351035\"><noscript class=\"wpforms-error-noscript\">Veuillez activer JavaScript dans votre navigateur pour remplir ce formulaire.<\/noscript><div class=\"wpforms-hidden\" id=\"wpforms-error-noscript\">Veuillez activer JavaScript dans votre navigateur pour remplir ce formulaire.<\/div><div class=\"wpforms-field-container\"><div id=\"wpforms-4783-field_1-container\" class=\"wpforms-field wpforms-field-name\" data-field-id=\"1\"><fieldset><legend class=\"wpforms-field-label wpforms-label-hide\" aria-hidden=\"false\">Nom et pr\u00e9nom <span class=\"wpforms-required-label\" aria-hidden=\"true\">*<\/span><\/legend><div class=\"wpforms-field-row wpforms-field-large\"><div class=\"wpforms-field-row-block wpforms-first wpforms-one-half\"><input type=\"text\" id=\"wpforms-4783-field_1\" class=\"wpforms-field-name-first wpforms-field-required\" name=\"wpforms[fields][1][first]\" placeholder=\"Nom *\" aria-errormessage=\"wpforms-4783-field_1-error\" required><label for=\"wpforms-4783-field_1\" class=\"wpforms-field-sublabel after wpforms-sublabel-hide\">Nom<\/label><\/div><div class=\"wpforms-field-row-block wpforms-one-half\"><input type=\"text\" id=\"wpforms-4783-field_1-last\" class=\"wpforms-field-name-last wpforms-field-required\" name=\"wpforms[fields][1][last]\" placeholder=\"Noms de famille *\" aria-errormessage=\"wpforms-4783-field_1-last-error\" required><label for=\"wpforms-4783-field_1-last\" class=\"wpforms-field-sublabel after wpforms-sublabel-hide\">Cognoms<\/label><\/div><\/div><\/fieldset><\/div><div id=\"wpforms-4783-field_2-container\" class=\"wpforms-field wpforms-field-email wpforms-one-half wpforms-first\" data-field-id=\"2\"><label class=\"wpforms-field-label wpforms-label-hide\" for=\"wpforms-4783-field_2\" aria-hidden=\"false\">e-mail <span class=\"wpforms-required-label\" aria-hidden=\"true\">*<\/span><\/label><input type=\"email\" id=\"wpforms-4783-field_2\" class=\"wpforms-field-large wpforms-field-required\" name=\"wpforms[fields][2]\" placeholder=\"E-mail *\" spellcheck=\"false\" aria-errormessage=\"wpforms-4783-field_2-error\" required><\/div><div id=\"wpforms-4783-field_4-container\" class=\"wpforms-field wpforms-field-text wpforms-one-half\" data-field-id=\"4\"><label class=\"wpforms-field-label wpforms-label-hide\" for=\"wpforms-4783-field_4\" aria-hidden=\"false\">Texte sur une seule ligne <span class=\"wpforms-required-label\" aria-hidden=\"true\">*<\/span><\/label><input type=\"text\" id=\"wpforms-4783-field_4\" class=\"wpforms-field-large wpforms-field-required\" name=\"wpforms[fields][4]\" placeholder=\"T\u00e9l\u00e9phone *\" aria-errormessage=\"wpforms-4783-field_4-error\" required><\/div><div id=\"wpforms-4783-field_3-container\" class=\"wpforms-field wpforms-field-textarea\" data-field-id=\"3\"><label class=\"wpforms-field-label wpforms-label-hide\" for=\"wpforms-4783-field_3\" aria-hidden=\"false\">Commentaire ou message<\/label><textarea id=\"wpforms-4783-field_3\" class=\"wpforms-field-medium\" name=\"wpforms[fields][3]\" placeholder=\"Laisser un commentaire\" aria-errormessage=\"wpforms-4783-field_3-error\" ><\/textarea><\/div><div id=\"wpforms-4783-field_5-container\" class=\"wpforms-field wpforms-field-checkbox\" data-field-id=\"5\"><fieldset><legend class=\"wpforms-field-label wpforms-label-hide\" aria-hidden=\"false\">Cases \u00e0 cocher <span class=\"wpforms-required-label\" aria-hidden=\"true\">*<\/span><\/legend><ul id=\"wpforms-4783-field_5\" class=\"wpforms-field-required\"><li class=\"choice-1 depth-1\"><input type=\"checkbox\" id=\"wpforms-4783-field_5_1\" name=\"wpforms[fields][5][]\" value=\"J&#039;ai lu et accept\u00e9 les &lt;a href=\u201c\/fr\/avis-legal\/&quot; rel=&quot;nofollow noopener noreferrer&quot; target=&quot;_blank&quot;&gt;mentions l\u00e9gales&lt;\/a&gt; et &lt;a target=&quot;_blank&quot; rel=&quot;nofollow noopener noreferrer&quot; href=\u201c\/fr\/politica-de-privacitat\/&quot;&gt;la politique de confidentialit\u00e9&lt;\/a&gt; de ce site Web.\" aria-errormessage=\"wpforms-4783-field_5_1-error\" required ><label class=\"wpforms-field-label-inline\" for=\"wpforms-4783-field_5_1\">J'ai lu et accept\u00e9 les <a>mentions l\u00e9gales<\/a> et <a target=\"_blank\" rel=\"nofollow noopener noreferrer\">la politique de confidentialit\u00e9<\/a> de ce site Web.<\/label><\/li><\/ul><\/fieldset><\/div><\/div><!-- .wpforms-field-container --><div class=\"wpforms-recaptcha-container wpforms-is-recaptcha wpforms-is-recaptcha-type-v3\" ><input type=\"hidden\" name=\"wpforms[recaptcha]\" value=\"\"><\/div><div class=\"wpforms-submit-container\" ><input type=\"hidden\" name=\"wpforms[id]\" value=\"4783\"><input type=\"hidden\" name=\"page_title\" value=\"\"><input type=\"hidden\" name=\"page_url\" value=\"https:\/\/serveisvetcerdanya.es\/fr\/wp-json\/wp\/v2\/pages\/5613\"><button type=\"submit\" name=\"wpforms[submit]\" id=\"wpforms-submit-4783\" class=\"wpforms-submit bto-wpform\" data-alt-text=\"Envoi...\" data-submit-text=\"envoyer\" aria-live=\"assertive\" value=\"wpforms-submit\">envoyer<\/button><img src=\"https:\/\/serveisvetcerdanya.es\/wp-content\/plugins\/wpforms-lite\/assets\/images\/submit-spin.svg\" class=\"wpforms-submit-spinner\" style=\"display: none;\" width=\"26\" height=\"26\" alt=\"Chargement en cours\"><\/div><\/form><\/div>  <!-- .wpforms-container -->[\/vc_column][\/vc_row][\/vc_section][vc_row full_width=\u00a0\u00bbstretch_row_content_no_spaces\u00a0\u00bb column_spacing=\u00a0\u00bb60&Prime; remove_bottom_col_margin=\u00a0\u00bbtrue\u00a0\u00bb bg_style=\u00a0\u00bbstretch\u00a0\u00bb css=\u00a0\u00bb.vc_custom_1732877055729{margin-top: 0px !important;margin-bottom: 0px !important;padding-top: 0px !important;padding-bottom: 0px !important;}\u00a0\u00bb local_scroll_id=\u00a0\u00bblocalitzacio\u00a0\u00bb el_id=\u00a0\u00bblocalitzacio\u00a0\u00bb][vc_column][vc_gmaps link=\u00a0\u00bb#E-8_JTNDaWZyYW1lJTIwc3JjJTNEJTIyaHR0cHMlM0ElMkYlMkZ3d3cuZ29vZ2xlLmNvbSUyRm1hcHMlMkZlbWJlZCUzRnBiJTNEJTIxMW0xOCUyMTFtMTIlMjExbTMlMjExZDEwMTYuMzk1ODEyOTk1NzA3JTIxMmQxLjkzMjI0NzA0MDAyNjE2NzglMjEzZDQyLjQzMjgxMzA5MDg2NDQzNSUyMTJtMyUyMTFmMCUyMTJmMCUyMTNmMCUyMTNtMiUyMTFpMTAyNCUyMTJpNzY4JTIxNGYxMy4xJTIxM20zJTIxMW0yJTIxMXMweDEyYTU3YmJlOTRmNjNmYjklMjUzQTB4YzQ1OWMwZDZjNDRkZmJmOSUyMTJzU2VydmVpcyUyNTIwVmV0ZXJpbmFyaXMlMjUyMERlJTI1MjBMYSUyNTIwQ2VyZGFueWElMjE1ZTAlMjEzbTIlMjExc2VzJTIxMnNlcyUyMTR2MTczMjg3MTk4ODU0MCUyMTVtMiUyMTFzZXMlMjEyc2VzJTIyJTIwd2lkdGglM0QlMjI2MDAlMjIlMjBoZWlnaHQlM0QlMjI0NTAlMjIlMjBzdHlsZSUzRCUyMmJvcmRlciUzQTAlM0IlMjIlMjBhbGxvd2Z1bGxzY3JlZW4lM0QlMjIlMjIlMjBsb2FkaW5nJTNEJTIybGF6eSUyMiUyMHJlZmVycmVycG9saWN5JTNEJTIybm8tcmVmZXJyZXItd2hlbi1kb3duZ3JhZGUlMjIlM0UlM0MlMkZpZnJhbWUlM0U=\u00a0\u00bb size=\u00a0\u00bb350px\u00a0\u00bb css=\u00a0\u00bb\u00a0\u00bb type=\u00a0\u00bbm\u00a0\u00bb zoom=\u00a0\u00bb14&Prime;][\/vc_column][\/vc_row][vc_row remove_bottom_col_margin=\u00a0\u00bbtrue\u00a0\u00bb][vc_column]<div class=\"templatera_shortcode\"><style type=\"text\/css\" data-type=\"vc_shortcodes-custom-css\">.vc_custom_1732617843960{padding-top: 50px !important;padding-bottom: 50px !important;background-color: #f5f5f5 !important;}.vc_custom_1734606290575{padding-bottom: 15px !important;}<\/style><div class=\"vc_row wpb_row vc_row-fluid vc_custom_1732617843960 wpex-vc-full-width-row wpex-vc-full-width-row--centered wpex-has-overlay wpex-relative wpex-has-video-bg wpex-vc_row-has-fill no-bottom-margins wpex-vc-reset-negative-margin\"><div class=\"wpex-video-bg-wrap wpex-absolute wpex-inset-0 wpex-overflow-hidden wpex-rounded-inherit\"><video class=\"wpex-video-bg wpex-video-bg-center wpex-absolute wpex-top-50 wpex-left-50 -wpex-translate-xy-50 wpex-w-auto wpex-h-auto wpex-min-w-100 wpex-min-h-100 wpex-max-w-none\" preload=\"auto\" autoplay=\"true\" aria-hidden=\"true\" playsinline loop=\"loop\" muted volume=\"0\"><source src=\"https:\/\/serveisvetcerdanya.es\/wp-content\/uploads\/2024\/11\/3191251-uhd_4096_2160_25fps.mp4\" type=\"video\/mp4\"><\/video><\/div><div class=\"wpex-bg-overlay-wrap wpex-absolute wpex-inset-0 wpex-rounded-inherit\"><span class=\"wpex-bg-overlay color wpex-absolute wpex-inset-0 wpex-rounded-inherit wpex-opacity-60 wpex-bg-black\" style=\"background-color:var(--wpex-accent);opacity:0.85;\"><\/span><\/div><div class=\"wpb_column vc_column_container vc_col-sm-12\"><div class=\"vc_column-inner\"><div class=\"wpb_wrapper\"><style>.vcex-heading.vcex_69d1b4fbb116e{font-size:32px;font-weight:400;}<\/style><div class=\"vcex-heading vcex-heading-plain vcex-module wpex-heading wpex-text-2xl wpex-text-center vc_custom_1734606290575 vcex_69d1b4fbb116e\"><span class=\"vcex-heading-inner wpex-inline-block\">Nous sommes toujours disponibles pour vous<\/span><\/div>\n\t<div style=\"color:var(--wpex-on-accent-alt);font-size:18px;font-weight:300;text-align:center;width:700px;\" class=\"wpb_text_column has-custom-color wpex-child-inherit-color wpex-max-w-100 wpex-mx-auto wpb_content_element\" >\n\t\t<div class=\"wpb_wrapper\">\n\t\t\t<p>Pendant nos heures d'ouverture, nous travaillons sur rendez-vous, mais nous disposons d'excellents soins d'urgence. <strong>Nous sommes disponibles 24h\/24<\/strong> !<\/p>\n\n\t\t<\/div>\n\t<\/div>\n<div class=\"vcex-spacing wpex-w-100 wpex-clear\"><\/div><style>.vcex-button.vcex_69d1b4fbb2261{background:#ffffff;color:var(--wpex-accent)!important;font-size:17px;font-weight:600;text-transform:uppercase;}<\/style><div class=\"theme-button-wrap textcenter wpex-clr\"><a href=\"\/fr\/contacte\/\" class=\"vcex-button theme-button align-center inline vcex_69d1b4fbb2261\"><span class=\"vcex-button-inner theme-button-inner wpex-flex wpex-flex-wrap wpex-items-center wpex-justify-center\">Contactez maintenant<span class=\"vcex-button-icon vcex-icon-wrap theme-button-icon-right\"><span aria-hidden=\"true\" class=\"far fa-envelope-open\"><\/span><\/span><\/span><\/a><\/div> <\/div><\/div><\/div><\/div><\/div>[\/vc_column][\/vc_row]\n<\/div>","protected":false},"excerpt":{"rendered":"Emailvetcerdanya@gmail.com T\u00e9l\u00e9phone(+34) 972 880 245 Urgences(+34) 659 635 479 EmplacementPasseig Josep Pla, 2, 17520 Puigcerd\u00e1 (Catalunya) Spain Formulaire de contact (*obligatoire )Veuillez activer JavaScript dans votre navigateur pour remplir ce formulaire.Veuillez activer JavaScript dans votre navigateur pour remplir ce formulaire.Nom et pr\u00e9nom *NomCognomse-mail *Texte sur une seule ligne *Commentaire ou messageCases \u00e0 cocher *J'ai lu&hellip;","protected":false},"author":1,"featured_media":0,"parent":0,"menu_order":0,"comment_status":"closed","ping_status":"closed","template":"","meta":{"footnotes":""},"class_list":["post-5613","page","type-page","status-publish","hentry","entry","no-media"],"yoast_head":"<!-- This site is optimized with the Yoast SEO plugin v24.0 - https:\/\/yoast.com\/wordpress\/plugins\/seo\/ -->\n<title>Contact - Serveis Veterinaris de la Cerdanya<\/title>\n<meta name=\"robots\" content=\"index, follow, max-snippet:-1, max-image-preview:large, max-video-preview:-1\" \/>\n<link rel=\"canonical\" href=\"https:\/\/serveisvetcerdanya.es\/fr\/contacte\/\" \/>\n<meta property=\"og:locale\" content=\"fr_FR\" \/>\n<meta property=\"og:type\" content=\"article\" \/>\n<meta property=\"og:title\" content=\"Contact - Serveis Veterinaris de la Cerdanya\" \/>\n<meta property=\"og:url\" content=\"https:\/\/serveisvetcerdanya.es\/fr\/contacte\/\" \/>\n<meta property=\"og:site_name\" content=\"Serveis Veterinaris de la Cerdanya\" \/>\n<meta property=\"article:modified_time\" content=\"2025-05-28T06:43:57+00:00\" \/>\n<meta name=\"twitter:card\" content=\"summary_large_image\" \/>\n<meta name=\"twitter:label1\" content=\"Dur\u00e9e de lecture estim\u00e9e\" \/>\n\t<meta name=\"twitter:data1\" content=\"1 minute\" \/>\n<script type=\"application\/ld+json\" class=\"yoast-schema-graph\">{\"@context\":\"https:\/\/schema.org\",\"@graph\":[{\"@type\":\"WebPage\",\"@id\":\"https:\/\/serveisvetcerdanya.es\/fr\/contacte\/\",\"url\":\"https:\/\/serveisvetcerdanya.es\/fr\/contacte\/\",\"name\":\"Contact - Serveis Veterinaris de la Cerdanya\",\"isPartOf\":{\"@id\":\"https:\/\/serveisvetcerdanya.es\/#website\"},\"datePublished\":\"2013-12-03T06:52:47+00:00\",\"dateModified\":\"2025-05-28T06:43:57+00:00\",\"breadcrumb\":{\"@id\":\"https:\/\/serveisvetcerdanya.es\/fr\/contacte\/#breadcrumb\"},\"inLanguage\":\"fr-FR\",\"potentialAction\":[{\"@type\":\"ReadAction\",\"target\":[\"https:\/\/serveisvetcerdanya.es\/fr\/contacte\/\"]}]},{\"@type\":\"BreadcrumbList\",\"@id\":\"https:\/\/serveisvetcerdanya.es\/fr\/contacte\/#breadcrumb\",\"itemListElement\":[{\"@type\":\"ListItem\",\"position\":1,\"name\":\"Home\",\"item\":\"https:\/\/serveisvetcerdanya.es\/fr\/\"},{\"@type\":\"ListItem\",\"position\":2,\"name\":\"Contact\"}]},{\"@type\":\"WebSite\",\"@id\":\"https:\/\/serveisvetcerdanya.es\/#website\",\"url\":\"https:\/\/serveisvetcerdanya.es\/\",\"name\":\"Serveis Veterinaris de la Cerdanya\",\"description\":\"Cl\u00ednica veterinaria\",\"publisher\":{\"@id\":\"https:\/\/serveisvetcerdanya.es\/#organization\"},\"potentialAction\":[{\"@type\":\"SearchAction\",\"target\":{\"@type\":\"EntryPoint\",\"urlTemplate\":\"https:\/\/serveisvetcerdanya.es\/?s={search_term_string}\"},\"query-input\":{\"@type\":\"PropertyValueSpecification\",\"valueRequired\":true,\"valueName\":\"search_term_string\"}}],\"inLanguage\":\"fr-FR\"},{\"@type\":\"Organization\",\"@id\":\"https:\/\/serveisvetcerdanya.es\/#organization\",\"name\":\"Serveis Veterinaris de la Cerdanya\",\"url\":\"https:\/\/serveisvetcerdanya.es\/\",\"logo\":{\"@type\":\"ImageObject\",\"inLanguage\":\"fr-FR\",\"@id\":\"https:\/\/serveisvetcerdanya.es\/#\/schema\/logo\/image\/\",\"url\":\"https:\/\/serveisvetcerdanya.es\/wp-content\/uploads\/2024\/11\/310525221_1217783492336935_1366772131273483382_n.jpg\",\"contentUrl\":\"https:\/\/serveisvetcerdanya.es\/wp-content\/uploads\/2024\/11\/310525221_1217783492336935_1366772131273483382_n.jpg\",\"width\":751,\"height\":751,\"caption\":\"Serveis Veterinaris de la Cerdanya\"},\"image\":{\"@id\":\"https:\/\/serveisvetcerdanya.es\/#\/schema\/logo\/image\/\"}}]}<\/script>\n<!-- \/ Yoast SEO plugin. -->","yoast_head_json":{"title":"Contact - Serveis Veterinaris de la Cerdanya","robots":{"index":"index","follow":"follow","max-snippet":"max-snippet:-1","max-image-preview":"max-image-preview:large","max-video-preview":"max-video-preview:-1"},"canonical":"https:\/\/serveisvetcerdanya.es\/fr\/contacte\/","og_locale":"fr_FR","og_type":"article","og_title":"Contact - Serveis Veterinaris de la Cerdanya","og_url":"https:\/\/serveisvetcerdanya.es\/fr\/contacte\/","og_site_name":"Serveis Veterinaris de la Cerdanya","article_modified_time":"2025-05-28T06:43:57+00:00","twitter_card":"summary_large_image","twitter_misc":{"Dur\u00e9e de lecture estim\u00e9e":"1 minute"},"schema":{"@context":"https:\/\/schema.org","@graph":[{"@type":"WebPage","@id":"https:\/\/serveisvetcerdanya.es\/fr\/contacte\/","url":"https:\/\/serveisvetcerdanya.es\/fr\/contacte\/","name":"Contact - Serveis Veterinaris de la Cerdanya","isPartOf":{"@id":"https:\/\/serveisvetcerdanya.es\/#website"},"datePublished":"2013-12-03T06:52:47+00:00","dateModified":"2025-05-28T06:43:57+00:00","breadcrumb":{"@id":"https:\/\/serveisvetcerdanya.es\/fr\/contacte\/#breadcrumb"},"inLanguage":"fr-FR","potentialAction":[{"@type":"ReadAction","target":["https:\/\/serveisvetcerdanya.es\/fr\/contacte\/"]}]},{"@type":"BreadcrumbList","@id":"https:\/\/serveisvetcerdanya.es\/fr\/contacte\/#breadcrumb","itemListElement":[{"@type":"ListItem","position":1,"name":"Home","item":"https:\/\/serveisvetcerdanya.es\/fr\/"},{"@type":"ListItem","position":2,"name":"Contact"}]},{"@type":"WebSite","@id":"https:\/\/serveisvetcerdanya.es\/#website","url":"https:\/\/serveisvetcerdanya.es\/","name":"Serveis Veterinaris de la Cerdanya","description":"Cl\u00ednica veterinaria","publisher":{"@id":"https:\/\/serveisvetcerdanya.es\/#organization"},"potentialAction":[{"@type":"SearchAction","target":{"@type":"EntryPoint","urlTemplate":"https:\/\/serveisvetcerdanya.es\/?s={search_term_string}"},"query-input":{"@type":"PropertyValueSpecification","valueRequired":true,"valueName":"search_term_string"}}],"inLanguage":"fr-FR"},{"@type":"Organization","@id":"https:\/\/serveisvetcerdanya.es\/#organization","name":"Serveis Veterinaris de la Cerdanya","url":"https:\/\/serveisvetcerdanya.es\/","logo":{"@type":"ImageObject","inLanguage":"fr-FR","@id":"https:\/\/serveisvetcerdanya.es\/#\/schema\/logo\/image\/","url":"https:\/\/serveisvetcerdanya.es\/wp-content\/uploads\/2024\/11\/310525221_1217783492336935_1366772131273483382_n.jpg","contentUrl":"https:\/\/serveisvetcerdanya.es\/wp-content\/uploads\/2024\/11\/310525221_1217783492336935_1366772131273483382_n.jpg","width":751,"height":751,"caption":"Serveis Veterinaris de la Cerdanya"},"image":{"@id":"https:\/\/serveisvetcerdanya.es\/#\/schema\/logo\/image\/"}}]}},"_links":{"self":[{"href":"https:\/\/serveisvetcerdanya.es\/fr\/wp-json\/wp\/v2\/pages\/5613","targetHints":{"allow":["GET"]}}],"collection":[{"href":"https:\/\/serveisvetcerdanya.es\/fr\/wp-json\/wp\/v2\/pages"}],"about":[{"href":"https:\/\/serveisvetcerdanya.es\/fr\/wp-json\/wp\/v2\/types\/page"}],"author":[{"embeddable":true,"href":"https:\/\/serveisvetcerdanya.es\/fr\/wp-json\/wp\/v2\/users\/1"}],"replies":[{"embeddable":true,"href":"https:\/\/serveisvetcerdanya.es\/fr\/wp-json\/wp\/v2\/comments?post=5613"}],"version-history":[{"count":4,"href":"https:\/\/serveisvetcerdanya.es\/fr\/wp-json\/wp\/v2\/pages\/5613\/revisions"}],"predecessor-version":[{"id":5829,"href":"https:\/\/serveisvetcerdanya.es\/fr\/wp-json\/wp\/v2\/pages\/5613\/revisions\/5829"}],"wp:attachment":[{"href":"https:\/\/serveisvetcerdanya.es\/fr\/wp-json\/wp\/v2\/media?parent=5613"}],"curies":[{"name":"wp","href":"https:\/\/api.w.org\/{rel}","templated":true}]}}